{"id":1606,"date":"2025-09-28T13:41:49","date_gmt":"2025-09-28T13:41:49","guid":{"rendered":"https:\/\/holygrip.ch\/?page_id=1606"},"modified":"2026-03-23T21:44:06","modified_gmt":"2026-03-23T21:44:06","slug":"about","status":"publish","type":"page","link":"https:\/\/holygrip.ch\/de\/about\/","title":{"rendered":"\u00dcber uns"},"content":{"rendered":"<div class=\"wp-block-uagb-container uagb-block-3162416b alignfull uagb-is-root-container\"><div class=\"uagb-container-inner-blocks-wrap\">\n<div class=\"wp-block-uagb-advanced-heading uagb-block-53eedbf4\"><h1 class=\"uagb-heading-text\">\u00dcber uns<\/h1><\/div>\n<\/div><\/div>\n\n\n\n<div class=\"wp-block-uagb-container uagb-block-bvfblohj alignfull uagb-is-root-container\"><div class=\"uagb-container-inner-blocks-wrap\">\n<div class=\"wp-block-uagb-container uagb-block-ujauvcob\">\n<div class=\"wp-block-uagb-info-box uagb-block-o44zgwae uagb-infobox__content-wrap  uagb-infobox-icon-above-title uagb-infobox-image-valign-top\"><div class=\"uagb-ifb-content\"><div class=\"uagb-ifb-title-wrap\"><h2 class=\"uagb-ifb-title\">100%<\/h2><\/div><\/div><\/div>\n\n\n\n<div class=\"wp-block-uagb-info-box uagb-block-gkkilmmd uagb-infobox__content-wrap  uagb-infobox-icon-above-title uagb-infobox-image-valign-top\"><div class=\"uagb-ifb-content\"><div class=\"uagb-ifb-title-wrap\"><\/div><p class=\"uagb-ifb-desc\">Kundenzufriedenheit<\/p><\/div><\/div>\n<\/div>\n\n\n\n<div class=\"wp-block-uagb-container uagb-block-tbitzsfz\">\n<div class=\"wp-block-uagb-info-box uagb-block-q1skmo7z uagb-infobox__content-wrap  uagb-infobox-icon-above-title uagb-infobox-image-valign-top\"><div class=\"uagb-ifb-content\"><div class=\"uagb-ifb-title-wrap\"><h2 class=\"uagb-ifb-title\">10<\/h2><\/div><\/div><\/div>\n\n\n\n<div class=\"wp-block-uagb-info-box uagb-block-pvyltmcs uagb-infobox__content-wrap  uagb-infobox-icon-above-title uagb-infobox-image-valign-top\"><div class=\"uagb-ifb-content\"><div class=\"uagb-ifb-title-wrap\"><\/div><p class=\"uagb-ifb-desc\">Produkte<\/p><\/div><\/div>\n<\/div>\n\n\n\n<div class=\"wp-block-uagb-container uagb-block-qke7ggqa\">\n<div class=\"wp-block-uagb-info-box uagb-block-sxvl3w5c uagb-infobox__content-wrap  uagb-infobox-icon-above-title uagb-infobox-image-valign-top\"><div class=\"uagb-ifb-content\"><div class=\"uagb-ifb-title-wrap\"><h2 class=\"uagb-ifb-title\">8236+<\/h2><\/div><\/div><\/div>\n\n\n\n<div class=\"wp-block-uagb-info-box uagb-block-mviax2vc uagb-infobox__content-wrap  uagb-infobox-icon-above-title uagb-infobox-image-valign-top\"><div class=\"uagb-ifb-content\"><div class=\"uagb-ifb-title-wrap\"><\/div><p class=\"uagb-ifb-desc\">Kunden<\/p><\/div><\/div>\n<\/div>\n<\/div><\/div>\n\n\n\n<div class=\"wp-block-uagb-buttons uagb-buttons__outer-wrap uagb-btn__default-btn uagb-btn-tablet__default-btn uagb-btn-mobile__default-btn uagb-block-njyzpa1q uag-hide-desktop uag-hide-tab uag-hide-mob\"><div class=\"uagb-buttons__wrap uagb-buttons-layout-wrap\">\n<div class=\"wp-block-uagb-buttons-child uagb-buttons__outer-wrap uagb-block-v6bw78vn wp-block-button\"><div class=\"uagb-button__wrapper\"><a class=\"uagb-buttons-repeater wp-block-button__link\" aria-label=\"\" href=\"#\" rel=\"follow noopener\" target=\"_self\" role=\"button\"><div class=\"uagb-button__link\">100% CUSTOMER SATISFACTION<\/div><\/a><\/div><\/div>\n\n\n\n<div class=\"wp-block-uagb-buttons-child uagb-buttons__outer-wrap uagb-block-7jlme5qg wp-block-button\"><div class=\"uagb-button__wrapper\"><a class=\"uagb-buttons-repeater ast-outline-button\" aria-label=\"\" style=\"border-width:revert-layer\" href=\"#\" rel=\"follow noopener\" target=\"_self\" role=\"button\"><div class=\"uagb-button__link\">contact us<\/div><\/a><\/div><\/div>\n<\/div><\/div>\n\n\n\n<div class=\"wp-block-uagb-container uagb-layout-grid uagb-block-12fd4239 alignfull uagb-is-root-container\"><div class=\"uagb-container-inner-blocks-wrap\">\n<div class=\"wp-block-uagb-container uagb-block-a3523138\">\n<div class=\"wp-block-uagb-container uagb-block-84397a27\">\n<div class=\"wp-block-uagb-info-box uagb-block-c22e056a uagb-infobox__content-wrap  uagb-infobox-icon-above-title uagb-infobox-image-valign-top\"><div class=\"uagb-ifb-content\"><div class=\"uagb-ifb-title-wrap\"><span class=\"uagb-ifb-title-prefix\">Gr\u00fcnder &amp; CEO<\/span><h2 class=\"uagb-ifb-title\"><strong>Damian Corbisiero<\/strong><\/h2><\/div><p class=\"uagb-ifb-desc\">Als professioneller Torwart bei LASK in Linz weiss ich aus t\u00e4glicher Erfahrung auf h\u00f6chstem Niveau, worauf es im Tor wirklich ankommt: Pr\u00e4zision, Vertrauen und vollst\u00e4ndige Kontrolle in jeder Aktion.<br>Genau deshalb entwickeln wir Handschuhe, die kompromisslose Leistung mit einem klaren, stilvollen Design verbinden.<\/p><\/div><\/div>\n<\/div>\n<\/div>\n\n\n\n<div class=\"wp-block-uagb-container uagb-block-816dffcc\">\n<div class=\"wp-block-uagb-container uagb-block-34e30d65\">\n<div class=\"wp-block-uagb-info-box uagb-block-bda8d4a2 uagb-infobox__content-wrap  uagb-infobox-icon-above-title uagb-infobox-image-valign-top\"><div class=\"uagb-ifb-content\"><div class=\"uagb-ifb-title-wrap\"><span class=\"uagb-ifb-title-prefix\">HOM &amp; CD<\/span><h2 class=\"uagb-ifb-title\"><strong>MARC-DYLAN PORTMANN<\/strong><\/h2><\/div><p class=\"uagb-ifb-desc translation-block\">Marc-Dylan leitet die kreative und Marketing-Richtung von Holy Grip.\nAls Head of Marketing und Creative Director pr\u00e4gt er unsere Markenidentit\u00e4t und definiert die visuellen sowie strategischen Standards.\nSeine Arbeit stellt sicher, dass Holy Grip modern, konsistent und sofort wiedererkennbar bleibt.<\/p><\/div><\/div>\n<\/div>\n<\/div>\n\n\n\n<div class=\"wp-block-uagb-container uagb-block-0d2bb493\">\n<div class=\"wp-block-uagb-container uagb-block-dd98e052\">\n<div class=\"wp-block-uagb-info-box uagb-block-fab03820 uagb-infobox__content-wrap  uagb-infobox-icon-above-title uagb-infobox-image-valign-top\"><div class=\"uagb-ifb-content\"><div class=\"uagb-ifb-title-wrap\"><span class=\"uagb-ifb-title-prefix\">GESPONSERTER TORWART<\/span><h2 class=\"uagb-ifb-title\"><strong>Tyrese Pinthus Duah<\/strong><\/h2><\/div><p class=\"uagb-ifb-desc\">Tyrese Pinthus Duah ist einer der aufregendsten jungen Torh\u00fcter der Schweiz.<br>Er spielt f\u00fcr die U19 des FC Z\u00fcrich, trainiert regelm\u00e4\u00dfig mit der ersten Mannschaft und stand bereits im Kader der Super League.<br>Seine Ruhe, seine sportlichen Qualit\u00e4ten und sein Ehrgeiz machen ihn zu einem Torwart mit einer vielversprechenden Zukunft.<\/p><\/div><\/div>\n<\/div>\n<\/div>\n\n\n\n<div class=\"wp-block-uagb-container uagb-block-589fe0ef\">\n<div class=\"wp-block-uagb-container uagb-block-c81017b8\">\n<div class=\"wp-block-uagb-info-box uagb-block-d420833c uagb-infobox__content-wrap  uagb-infobox-icon-above-title uagb-infobox-image-valign-top\"><div class=\"uagb-ifb-content\"><div class=\"uagb-ifb-title-wrap\"><span class=\"uagb-ifb-title-prefix\">GESPONSERTER TORWART<\/span><h2 class=\"uagb-ifb-title\"><strong>DARIO SCHELLENBERG<\/strong><\/h2><\/div><p class=\"uagb-ifb-desc\">Dario Schellenberg verk\u00f6rpert einen dynamischen und modernen Torwartstil.<br>Bei Delay Sports Berlin entwickelt er sich stetig weiter und sammelt wertvolle Erfahrungen im Umfeld der ersten Mannschaft.<br>Sein Ehrgeiz, seine Disziplin und sein Potenzial machen ihn zu einem wertvollen Mitglied der Holy Grip-Familie.<\/p><\/div><\/div>\n<\/div>\n<\/div>\n<\/div><\/div>\n\n\n\n<div class=\"wp-block-uagb-container uagb-block-cf7be59a alignfull uagb-is-root-container\"><div class=\"uagb-container-inner-blocks-wrap\">\n<div class=\"wp-block-uagb-advanced-heading uagb-block-d89c62af\"><h2 class=\"uagb-heading-text\"><strong>Unsere Werte<\/strong><\/h2><\/div>\n\n\n\n<div class=\"wp-block-uagb-container uagb-block-4bcc8ef5\">\n<div class=\"wp-block-uagb-container uagb-block-352c9323\">\n<div class=\"wp-block-uagb-info-box uagb-block-bdc55b39 uagb-infobox__content-wrap  uagb-infobox-icon-above-title uagb-infobox-image-valign-top\"><div class=\"uagb-ifb-content\"><div class=\"uagb-ifb-title-wrap\"><span class=\"uagb-ifb-title-prefix\">01.<\/span><h5 class=\"uagb-ifb-title\">Qualit\u00e4t<\/h5><\/div><p class=\"uagb-ifb-desc\">Wir liefern erstklassige Produkte, die f\u00fcr lange Haltbarkeit gebaut sind.<\/p><\/div><\/div>\n<\/div>\n\n\n\n<div class=\"wp-block-uagb-container uagb-block-cc6e68e3\">\n<div class=\"wp-block-uagb-info-box uagb-block-819092e2 uagb-infobox__content-wrap  uagb-infobox-icon-above-title uagb-infobox-image-valign-top\"><div class=\"uagb-ifb-content\"><div class=\"uagb-ifb-title-wrap\"><span class=\"uagb-ifb-title-prefix\">02.<\/span><h5 class=\"uagb-ifb-title\">Leistung<\/h5><\/div><p class=\"uagb-ifb-desc\">Jedes Design verbessert Funktionalit\u00e4t und Ergebnisse.<\/p><\/div><\/div>\n<\/div>\n\n\n\n<div class=\"wp-block-uagb-container uagb-block-525c69d4\">\n<div class=\"wp-block-uagb-info-box uagb-block-b889cbf3 uagb-infobox__content-wrap  uagb-infobox-icon-above-title uagb-infobox-image-valign-top\"><div class=\"uagb-ifb-content\"><div class=\"uagb-ifb-title-wrap\"><span class=\"uagb-ifb-title-prefix\">03.<\/span><h5 class=\"uagb-ifb-title\">Leidenschaft<\/h5><\/div><p class=\"uagb-ifb-desc\">Wir werden von unserer Liebe zum Spiel und zum Torhueterhandwerk angetrieben.<\/p><\/div><\/div>\n<\/div>\n\n\n\n<div class=\"wp-block-uagb-container uagb-block-678e0bd7\">\n<div class=\"wp-block-uagb-info-box uagb-block-66fbede1 uagb-infobox__content-wrap  uagb-infobox-icon-above-title uagb-infobox-image-valign-top\"><div class=\"uagb-ifb-content\"><div class=\"uagb-ifb-title-wrap\"><span class=\"uagb-ifb-title-prefix\">04.<\/span><h5 class=\"uagb-ifb-title\">Ehrlichkeit<\/h5><\/div><p class=\"uagb-ifb-desc\">In allem, was wir tun, setzen wir auf Ehrlichkeit, Zuverl\u00e4ssigkeit und Vertrauen.<\/p><\/div><\/div>\n<\/div>\n<\/div>\n<\/div><\/div>\n\n\n\n<div class=\"wp-block-uagb-container uagb-block-e7db176f alignfull uagb-is-root-container\"><div class=\"uagb-container-inner-blocks-wrap\">\n<div class=\"wp-block-uagb-container uagb-block-463d0703\">\n<div class=\"wp-block-uagb-info-box uagb-block-57a6a712 uagb-infobox__content-wrap  uagb-infobox-icon-above-title uagb-infobox-image-valign-top\"><div class=\"uagb-ifb-content\"><div class=\"uagb-ifb-title-wrap\"><h1 class=\"uagb-ifb-title\">Unsere Philosophie<\/h1><\/div><p class=\"uagb-ifb-desc\">Der Holy Grip ist der beste Grip, den ich je benutzt habe, und ich m\u00f6chte das mit jedem Torh\u00fcter teilen. Ganz gleich, ob Profi oder Amateur, du wirst unvergleichliche Kontrolle und Leistung erleben. Unsere Handschuhe sind langlebig und bieten die Haltbarkeit und den Grip, den du brauchst, um dich in jedem Spiel sicher zu f\u00fchlen.<br><\/p><\/div><\/div>\n\n\n\n<div class=\"wp-block-uagb-buttons uagb-buttons__outer-wrap uagb-btn__default-btn uagb-btn-tablet__default-btn uagb-btn-mobile__default-btn uagb-block-b8815a31\"><div class=\"uagb-buttons__wrap uagb-buttons-layout-wrap\">\n<div class=\"wp-block-uagb-buttons-child uagb-buttons__outer-wrap uagb-block-fb04734f wp-block-button\"><div class=\"uagb-button__wrapper\"><a class=\"uagb-buttons-repeater wp-block-button__link\" aria-label=\"\" href=\"\/de\/gloves\/\" rel=\"follow noopener\" target=\"_self\" role=\"button\"><div class=\"uagb-button__link\">Zum Shop<\/div><\/a><\/div><\/div>\n<\/div><\/div>\n<\/div>\n\n\n\n<div class=\"wp-block-uagb-image alignleft uagb-block-5b2c29c8 wp-block-uagb-image--layout-default wp-block-uagb-image--effect-static wp-block-uagb-image--align-left\"><figure class=\"wp-block-uagb-image__figure\"><img decoding=\"async\" srcset=\"https:\/\/holygrip.ch\/wp-content\/uploads\/2025\/12\/U21-SVS-82-2-1024x767.jpg ,https:\/\/holygrip.ch\/wp-content\/uploads\/2025\/12\/U21-SVS-82-2-scaled.jpg 780w, https:\/\/holygrip.ch\/wp-content\/uploads\/2025\/12\/U21-SVS-82-2-scaled.jpg 360w\" sizes=\"auto, (max-width: 480px) 150px\" src=\"https:\/\/holygrip.ch\/wp-content\/uploads\/2025\/12\/U21-SVS-82-2-1024x767.jpg\" alt=\"u21 svs 82\" class=\"uag-image-3398\" width=\"600\" height=\"500\" title=\"u21 svs 82\" loading=\"lazy\" role=\"img\"\/><\/figure><\/div>\n<\/div><\/div>\n\n\n\n<div class=\"wp-block-uagb-container uagb-block-s4zonui3 alignfull uagb-is-root-container\"><div class=\"uagb-container-inner-blocks-wrap\">\n<div class=\"wp-block-uagb-info-box uagb-block-nlgj5bta uagb-infobox__content-wrap  uagb-infobox-icon-above-title uagb-infobox-image-valign-top\"><div class=\"uagb-ifb-content\"><div class=\"uagb-ifb-title-wrap\"><p class=\"uagb-ifb-title-prefix\">Unsere Geschichte<\/p><h2 class=\"uagb-ifb-title\"><strong>Vertrauen und Leistung<\/strong><\/h2><\/div><p class=\"uagb-ifb-desc\">Bei Holy Grip glauben wir, dass Vertrauen und Leistung Hand in Hand gehen. Als Torh\u00fcter habe ich immer nach diesem unschlagbaren Gef\u00fchl von Sicherheit und Selbstvertrauen in jedem Spiel gesucht. Es geht dabei nicht nur um die Handschuhe, sondern auch darum, auf eine h\u00f6here Macht zu vertrauen. Genau deshalb habe ich Holy Grip geschaffen, um den besten Grip auf dem Markt mit einem Gef\u00fchl g\u00f6ttlichen Schutzes zu verbinden, sodass du bei jeder Parade die Gegenwart Gottes sp\u00fcrst.<br><\/p><\/div><\/div>\n\n\n\n<div class=\"wp-block-uagb-container uagb-block-btvpybvo\">\n<div class=\"wp-block-uagb-container uagb-block-cjxjzy0f\">\n<div class=\"wp-block-uagb-container uagb-block-qgjezyz8\">\n<div class=\"wp-block-uagb-advanced-heading uagb-block-a23dh4eu\"><h3 class=\"uagb-heading-text\">Mehr als nur Handschuhe<\/h3><\/div>\n<\/div>\n\n\n\n<div class=\"wp-block-uagb-container uagb-block-5npxatjl\">\n<div class=\"wp-block-uagb-advanced-heading uagb-block-c6w2xt7x\"><p class=\"uagb-heading-text\">Bei Holy Grip geht es nicht nur um das Produkt, sondern um den Glauben dahinter. Wir wollen, dass unsere Gemeinschaft von Torh\u00fctern sich mental stark, sicher und furchtlos f\u00fchlt, im Wissen, dass Gott mit ihnen auf dem Platz ist. Unsere Handschuhe tragen Symbole und Botschaften, die dich an deine innere St\u00e4rke und deinen Glauben erinnern.<\/p><\/div>\n<\/div>\n<\/div>\n\n\n\n<div class=\"wp-block-uagb-container uagb-block-ucvkmlda\">\n<div class=\"wp-block-uagb-container uagb-block-ouovsvjk\">\n<div class=\"wp-block-uagb-advanced-heading uagb-block-r6o89lqm\"><h3 class=\"uagb-heading-text\">Unsere Vision<\/h3><\/div>\n<\/div>\n\n\n\n<div class=\"wp-block-uagb-container uagb-block-5ziga09j\">\n<div class=\"wp-block-uagb-advanced-heading uagb-block-frmybzql\"><p class=\"uagb-heading-text\">Wir streben danach, Torh\u00fcterhandschuhe von h\u00f6chster Qualit\u00e4t zu einem erschwinglichen Preis anzubieten und so jedem Torh\u00fcter \u2013 vom Profi bis zum Hobbyspieler \u2013 zu helfen, sein volles Potenzial auszusch\u00f6pfen. Unser langfristiges Ziel ist es, eine Gemeinschaft Gleichgesinnter aufzubauen, die dieselben Werte und denselben Glauben teilen und gleichzeitig die besten Torh\u00fcterhandschuhe auf dem Markt anbieten.<\/p><\/div>\n<\/div>\n<\/div>\n<\/div>\n<\/div><\/div>\n\n\n\n<div class=\"wp-block-uagb-container uagb-block-fprudpdd alignfull uagb-is-root-container\"><div class=\"uagb-container-inner-blocks-wrap\">\n<div class=\"wp-block-uagb-container uagb-block-8pq2z550\">\n<div class=\"wp-block-uagb-info-box uagb-block-utkdyjhc uagb-infobox__content-wrap  uagb-infobox-icon-above-title uagb-infobox-image-valign-top\"><div class=\"uagb-ifb-content\"><div class=\"uagb-ifb-title-wrap\"><h2 class=\"uagb-ifb-title translation-block\">F\u00dcR SPORTLER GEMACHT.<br>\nVON GLAUBEN GELEITET.<\/h2><\/div><\/div><\/div>\n<\/div>\n<\/div><\/div>\n\n\n\n<div class=\"wp-block-uagb-container uagb-block-f3c43403 alignfull uagb-is-root-container\"><div class=\"uagb-container-inner-blocks-wrap\">\n<div class=\"wp-block-uagb-container uagb-block-8a09a820\">\n<div class=\"wp-block-uagb-image alignleft uagb-block-fe18b772 wp-block-uagb-image--layout-default wp-block-uagb-image--effect-static wp-block-uagb-image--align-left\"><figure class=\"wp-block-uagb-image__figure\"><img decoding=\"async\" srcset=\"https:\/\/holygrip.ch\/wp-content\/uploads\/2025\/12\/WhatsApp-Bild-2025-12-08-um-19.26.24_aff06cfa-1024x682.jpg ,https:\/\/holygrip.ch\/wp-content\/uploads\/2025\/12\/WhatsApp-Bild-2025-12-08-um-19.26.24_aff06cfa.jpg 780w, https:\/\/holygrip.ch\/wp-content\/uploads\/2025\/12\/WhatsApp-Bild-2025-12-08-um-19.26.24_aff06cfa.jpg 360w\" sizes=\"auto, (max-width: 480px) 150px\" src=\"https:\/\/holygrip.ch\/wp-content\/uploads\/2025\/12\/WhatsApp-Bild-2025-12-08-um-19.26.24_aff06cfa-1024x682.jpg\" alt=\"whatsapp bild 2025 12 08 um 19.26.24 aff06cfa\" class=\"uag-image-3416\" width=\"600\" height=\"400\" title=\"whatsapp bild 2025 12 08 um 19.26.24 aff06cfa\" loading=\"lazy\" role=\"img\"\/><\/figure><\/div>\n\n\n\n<div class=\"wp-block-uagb-info-box uagb-block-cac75a90 uagb-infobox__content-wrap  uagb-infobox-icon-above-title uagb-infobox-image-valign-top wp-block-uagb-info-box--has-margin\"><div class=\"uagb-infobox-margin-wrapper\"><div class=\"uagb-ifb-content\"><div class=\"uagb-ifb-title-wrap\"><h3 class=\"uagb-ifb-title\">shop<\/h3><\/div><p class=\"uagb-ifb-desc\">Entdecke unsere Auswahl an Premium-Produkten: Handschuhe, Essentials und Zubeh\u00f6r, entwickelt f\u00fcr Komfort und Leistung. Alles, was du brauchst, um dein bestes Spiel zu spielen, findest du hier.<\/p><\/div><\/div><\/div>\n\n\n\n<div class=\"wp-block-uagb-buttons uagb-buttons__outer-wrap uagb-btn__default-btn uagb-btn-tablet__default-btn uagb-btn-mobile__default-btn uagb-block-d87ac5de\"><div class=\"uagb-buttons__wrap uagb-buttons-layout-wrap\">\n<div class=\"wp-block-uagb-buttons-child uagb-buttons__outer-wrap uagb-block-593e892d wp-block-button\"><div class=\"uagb-button__wrapper\"><a class=\"uagb-buttons-repeater ast-outline-button\" aria-label=\"\" style=\"border-width:revert-layer\" href=\"\/de\/gloves\/\" rel=\"follow noopener\" target=\"_self\" role=\"button\"><div class=\"uagb-button__link\">Zum Shop<\/div><\/a><\/div><\/div>\n<\/div><\/div>\n<\/div>\n<\/div><\/div>","protected":false},"excerpt":{"rendered":"<p>ABOUT US Our Values More Than Gloves At Holy Grip, it\u2019s not just about the product; it\u2019s about the belief behind it. We want our community of goalkeepers to feel mentally strong, secure, and fearless, knowing that God is with them on the field. Our gloves carry symbols and messages that remind you of your [&hellip;]<\/p>\n","protected":false},"author":1,"featured_media":0,"parent":0,"menu_order":0,"comment_status":"closed","ping_status":"closed","template":"","meta":{"_surecart_dashboard_logo_width":"180px","_surecart_dashboard_show_logo":true,"_surecart_dashboard_navigation_orders":true,"_surecart_dashboard_navigation_invoices":true,"_surecart_dashboard_navigation_subscriptions":true,"_surecart_dashboard_navigation_downloads":true,"_surecart_dashboard_navigation_billing":true,"_surecart_dashboard_navigation_account":true,"_uag_custom_page_level_css":"","site-sidebar-layout":"default","site-content-layout":"plain-container","ast-site-content-layout":"normal-width-container","site-content-style":"unboxed","site-sidebar-style":"unboxed","ast-global-header-display":"","ast-banner-title-visibility":"","ast-main-header-display":"","ast-hfb-above-header-display":"","ast-hfb-below-header-display":"","ast-hfb-mobile-header-display":"","site-post-title":"disabled","ast-breadcrumbs-content":"","ast-featured-img":"","footer-sml-layout":"","ast-disable-related-posts":"","theme-transparent-header-meta":"disabled","adv-header-id-meta":"","stick-header-meta":"","header-above-stick-meta":"","header-main-stick-meta":"","header-below-stick-meta":"","astra-migrate-meta-layouts":"set","ast-page-background-enabled":"default","ast-page-background-meta":{"desktop":{"background-color":"","background-image":"","background-repeat":"repeat","background-position":"center center","background-size":"auto","background-attachment":"scroll","background-type":"","background-media":"","overlay-type":"","overlay-color":"","overlay-opacity":"","overlay-gradient":""},"tablet":{"background-color":"","background-image":"","background-repeat":"repeat","background-position":"center center","background-size":"auto","background-attachment":"scroll","background-type":"","background-media":"","overlay-type":"","overlay-color":"","overlay-opacity":"","overlay-gradient":""},"mobile":{"background-color":"","background-image":"","background-repeat":"repeat","background-position":"center center","background-size":"auto","background-attachment":"scroll","background-type":"","background-media":"","overlay-type":"","overlay-color":"","overlay-opacity":"","overlay-gradient":""}},"ast-content-background-meta":{"desktop":{"background-color":"var(--ast-global-color-5)","background-image":"","background-repeat":"repeat","background-position":"center center","background-size":"auto","background-attachment":"scroll","background-type":"","background-media":"","overlay-type":"","overlay-color":"","overlay-opacity":"","overlay-gradient":""},"tablet":{"background-color":"var(--ast-global-color-5)","background-image":"","background-repeat":"repeat","background-position":"center center","background-size":"auto","background-attachment":"scroll","background-type":"","background-media":"","overlay-type":"","overlay-color":"","overlay-opacity":"","overlay-gradient":""},"mobile":{"background-color":"var(--ast-global-color-5)","background-image":"","background-repeat":"repeat","background-position":"center center","background-size":"auto","background-attachment":"scroll","background-type":"","background-media":"","overlay-type":"","overlay-color":"","overlay-opacity":"","overlay-gradient":""}},"footnotes":""},"class_list":["post-1606","page","type-page","status-publish","hentry"],"uagb_featured_image_src":{"full":false,"thumbnail":false,"medium":false,"medium_large":false,"large":false,"1536x1536":false,"2048x2048":false,"trp-custom-language-flag":false},"uagb_author_info":{"display_name":"admin3482","author_link":"https:\/\/holygrip.ch\/de\/author\/admin3482\/"},"uagb_comment_info":0,"uagb_excerpt":"ABOUT US Our Values More Than Gloves At Holy Grip, it\u2019s not just about the product; it\u2019s about the belief behind it. We want our community of goalkeepers to feel mentally strong, secure, and fearless, knowing that God is with them on the field. Our gloves carry symbols and messages that remind you of your&hellip;","_links":{"self":[{"href":"https:\/\/holygrip.ch\/de\/wp-json\/wp\/v2\/pages\/1606","targetHints":{"allow":["GET"]}}],"collection":[{"href":"https:\/\/holygrip.ch\/de\/wp-json\/wp\/v2\/pages"}],"about":[{"href":"https:\/\/holygrip.ch\/de\/wp-json\/wp\/v2\/types\/page"}],"author":[{"embeddable":true,"href":"https:\/\/holygrip.ch\/de\/wp-json\/wp\/v2\/users\/1"}],"replies":[{"embeddable":true,"href":"https:\/\/holygrip.ch\/de\/wp-json\/wp\/v2\/comments?post=1606"}],"version-history":[{"count":41,"href":"https:\/\/holygrip.ch\/de\/wp-json\/wp\/v2\/pages\/1606\/revisions"}],"predecessor-version":[{"id":3628,"href":"https:\/\/holygrip.ch\/de\/wp-json\/wp\/v2\/pages\/1606\/revisions\/3628"}],"wp:attachment":[{"href":"https:\/\/holygrip.ch\/de\/wp-json\/wp\/v2\/media?parent=1606"}],"curies":[{"name":"wp","href":"https:\/\/api.w.org\/{rel}","templated":true}]}}